{"id":396,"date":"2025-04-17T03:55:39","date_gmt":"2025-04-17T03:55:39","guid":{"rendered":"https:\/\/solvior.themejunction.net\/?page_id=396"},"modified":"2026-05-11T07:55:54","modified_gmt":"2026-05-11T07:55:54","slug":"blog-grid","status":"publish","type":"page","link":"https:\/\/tossconstructon.com\/tr\/blog-grid\/","title":{"rendered":"Blog grid"},"content":{"rendered":"<div data-elementor-type=\"wp-page\" data-elementor-id=\"396\" class=\"elementor elementor-396\">\n\t\t\t\t<div class=\"elementor-element elementor-element-e9df5a9 section-space e-flex e-con-boxed e-con e-parent\" data-id=\"e9df5a9\" data-element_type=\"container\" data-e-type=\"container\">\n\t\t\t\t\t<div class=\"e-con-inner\">\n\t\t\t\t<div class=\"elementor-element elementor-element-5e32de5 tj_section_align elementor-align-start elementor-widget elementor-widget-tj-title\" data-id=\"5e32de5\" data-element_type=\"widget\" data-e-type=\"widget\" data-widget_type=\"tj-title.default\">\n\t\t\t\t<div class=\"elementor-widget-container\">\n\t\t\t\t\t\r\n<div class=\"sec-heading\">\r\n\r\n      <span class=\"sub-title\">\r\n      blog & news    <\/span>\r\n  \r\n  <h2 class=\"sec-title\">Blog<\/h2>\r\n      <div class=\"desc\">\r\n          <\/div>\r\n  <\/div>\r\n\r\n\t\t\t\t<\/div>\n\t\t\t\t<\/div>\n\t\t\t\t<div class=\"elementor-element elementor-element-f480227 elementor-widget elementor-widget-tj-blog-grid\" data-id=\"f480227\" data-element_type=\"widget\" data-e-type=\"widget\" data-widget_type=\"tj-blog-grid.default\">\n\t\t\t\t<div class=\"elementor-widget-container\">\n\t\t\t\t\t\r\n\r\n<div class=\"row rg-50\">\r\n  <div class=\"col-lg-12\">\r\n          <div class=\"row rg-30 justify-content-center\">\r\n                  <div class=\"col-xl-4 col-lg-4 col-md-6 col-12\">\r\n            <div class=\"blog-style-2 blog-el-item wow fadeInUp\" data-wow-delay=\"0.1s\">\r\n              <div class=\"blog-images\">\r\n                                  <a href=\"https:\/\/tossconstructon.com\/tr\/innovative-solutions-for-business-success-dynamic-from-today\/\">\r\n                    <img fetchpriority=\"high\" decoding=\"async\" width=\"870\" height=\"498\" src=\"https:\/\/tossconstructon.com\/wp-content\/uploads\/2025\/04\/tj-blog-8.webp\" class=\"attachment-full size-full wp-post-image\" alt=\"\" srcset=\"https:\/\/tossconstructon.com\/wp-content\/uploads\/2025\/04\/tj-blog-8.webp 870w, https:\/\/tossconstructon.com\/wp-content\/uploads\/2025\/04\/tj-blog-8-600x343.webp 600w, https:\/\/tossconstructon.com\/wp-content\/uploads\/2025\/04\/tj-blog-8-300x172.webp 300w, https:\/\/tossconstructon.com\/wp-content\/uploads\/2025\/04\/tj-blog-8-768x440.webp 768w\" sizes=\"(max-width: 870px) 100vw, 870px\" \/>                  <\/a>\r\n                                                  <div class=\"blog-date\">\r\n                    <span class=\"date\">16<\/span>\r\n                    <span class=\"month\">Nis<\/span>\r\n                  <\/div>\r\n                              <\/div>\r\n              <div class=\"blog-content\">\r\n                <div class=\"blog-two-meta blog-el-meta\">\r\n                  <ul>\r\n                                          <li>\r\n                        <a class=\"meta-link\" href=\"https:\/\/tossconstructon.com\/tr\/category\/branding\/\">\r\n                          Branding                        <\/a>\r\n                      <\/li>\r\n                                                              <li>Yorum yap\u0131lmam\u0131\u015f<\/li>\r\n                                      <\/ul>\r\n                <\/div>\r\n                <h4 class=\"title blog-el-title under-line\">\r\n                  <a href=\"https:\/\/tossconstructon.com\/tr\/innovative-solutions-for-business-success-dynamic-from-today\/\">\r\n                    Innovative solutions for business success dynamic from today                  <\/a>\r\n                <\/h4>\r\n                                  <div class=\"desc\">Our mission is to empowers businesses size to thrive in an businesses ever changing marketplace. We are committed...<\/div>\r\n                \r\n                                  <div class=\"blog-button\">\r\n                    <a class=\"blog-btn text-btn\" href=\"https:\/\/tossconstructon.com\/tr\/innovative-solutions-for-business-success-dynamic-from-today\/\">\r\n                      Read more                      <i aria-hidden=\"true\" class=\"tji-arrow-right\"><\/i>                    <\/a>\r\n                  <\/div>\r\n                              <\/div>\r\n            <\/div>\r\n          <\/div>\r\n                  <div class=\"col-xl-4 col-lg-4 col-md-6 col-12\">\r\n            <div class=\"blog-style-2 blog-el-item wow fadeInUp\" data-wow-delay=\"0.1s\">\r\n              <div class=\"blog-images\">\r\n                                  <a href=\"https:\/\/tossconstructon.com\/tr\/what-consultants-should-know-about-working-with-nonprofits\/\">\r\n                    <img decoding=\"async\" width=\"870\" height=\"498\" src=\"https:\/\/tossconstructon.com\/wp-content\/uploads\/2025\/04\/tj-blog-3.webp\" class=\"attachment-full size-full wp-post-image\" alt=\"\" srcset=\"https:\/\/tossconstructon.com\/wp-content\/uploads\/2025\/04\/tj-blog-3.webp 870w, https:\/\/tossconstructon.com\/wp-content\/uploads\/2025\/04\/tj-blog-3-600x343.webp 600w, https:\/\/tossconstructon.com\/wp-content\/uploads\/2025\/04\/tj-blog-3-300x172.webp 300w, https:\/\/tossconstructon.com\/wp-content\/uploads\/2025\/04\/tj-blog-3-768x440.webp 768w\" sizes=\"(max-width: 870px) 100vw, 870px\" \/>                  <\/a>\r\n                                                  <div class=\"blog-date\">\r\n                    <span class=\"date\">16<\/span>\r\n                    <span class=\"month\">Nis<\/span>\r\n                  <\/div>\r\n                              <\/div>\r\n              <div class=\"blog-content\">\r\n                <div class=\"blog-two-meta blog-el-meta\">\r\n                  <ul>\r\n                                          <li>\r\n                        <a class=\"meta-link\" href=\"https:\/\/tossconstructon.com\/tr\/category\/branding\/\">\r\n                          Branding                        <\/a>\r\n                      <\/li>\r\n                                                              <li>Yorum yap\u0131lmam\u0131\u015f<\/li>\r\n                                      <\/ul>\r\n                <\/div>\r\n                <h4 class=\"title blog-el-title under-line\">\r\n                  <a href=\"https:\/\/tossconstructon.com\/tr\/what-consultants-should-know-about-working-with-nonprofits\/\">\r\n                    What consultants should know about working with nonprofits                  <\/a>\r\n                <\/h4>\r\n                                  <div class=\"desc\">Our mission is to empowers businesses size to thrive in an businesses ever changing marketplace. We are committed...<\/div>\r\n                \r\n                                  <div class=\"blog-button\">\r\n                    <a class=\"blog-btn text-btn\" href=\"https:\/\/tossconstructon.com\/tr\/what-consultants-should-know-about-working-with-nonprofits\/\">\r\n                      Read more                      <i aria-hidden=\"true\" class=\"tji-arrow-right\"><\/i>                    <\/a>\r\n                  <\/div>\r\n                              <\/div>\r\n            <\/div>\r\n          <\/div>\r\n                  <div class=\"col-xl-4 col-lg-4 col-md-6 col-12\">\r\n            <div class=\"blog-style-2 blog-el-item wow fadeInUp\" data-wow-delay=\"0.1s\">\r\n              <div class=\"blog-images\">\r\n                                  <a href=\"https:\/\/tossconstructon.com\/tr\/why-every-entrepreneur-needs-solid-digital-marketing\/\">\r\n                    <img decoding=\"async\" width=\"870\" height=\"498\" src=\"https:\/\/tossconstructon.com\/wp-content\/uploads\/2025\/04\/tj-blog-2.webp\" class=\"attachment-full size-full wp-post-image\" alt=\"\" srcset=\"https:\/\/tossconstructon.com\/wp-content\/uploads\/2025\/04\/tj-blog-2.webp 870w, https:\/\/tossconstructon.com\/wp-content\/uploads\/2025\/04\/tj-blog-2-600x343.webp 600w, https:\/\/tossconstructon.com\/wp-content\/uploads\/2025\/04\/tj-blog-2-300x172.webp 300w, https:\/\/tossconstructon.com\/wp-content\/uploads\/2025\/04\/tj-blog-2-768x440.webp 768w\" sizes=\"(max-width: 870px) 100vw, 870px\" \/>                  <\/a>\r\n                                                  <div class=\"blog-date\">\r\n                    <span class=\"date\">16<\/span>\r\n                    <span class=\"month\">Nis<\/span>\r\n                  <\/div>\r\n                              <\/div>\r\n              <div class=\"blog-content\">\r\n                <div class=\"blog-two-meta blog-el-meta\">\r\n                  <ul>\r\n                                          <li>\r\n                        <a class=\"meta-link\" href=\"https:\/\/tossconstructon.com\/tr\/category\/business\/\">\r\n                          Business                        <\/a>\r\n                      <\/li>\r\n                                                              <li>Yorum yap\u0131lmam\u0131\u015f<\/li>\r\n                                      <\/ul>\r\n                <\/div>\r\n                <h4 class=\"title blog-el-title under-line\">\r\n                  <a href=\"https:\/\/tossconstructon.com\/tr\/why-every-entrepreneur-needs-solid-digital-marketing\/\">\r\n                    Why every entrepreneur needs solid digital marketing                  <\/a>\r\n                <\/h4>\r\n                                  <div class=\"desc\">Our mission is to empowers businesses size to thrive in an businesses ever changing marketplace. We are committed...<\/div>\r\n                \r\n                                  <div class=\"blog-button\">\r\n                    <a class=\"blog-btn text-btn\" href=\"https:\/\/tossconstructon.com\/tr\/why-every-entrepreneur-needs-solid-digital-marketing\/\">\r\n                      Read more                      <i aria-hidden=\"true\" class=\"tji-arrow-right\"><\/i>                    <\/a>\r\n                  <\/div>\r\n                              <\/div>\r\n            <\/div>\r\n          <\/div>\r\n                  <div class=\"col-xl-4 col-lg-4 col-md-6 col-12\">\r\n            <div class=\"blog-style-2 blog-el-item wow fadeInUp\" data-wow-delay=\"0.1s\">\r\n              <div class=\"blog-images\">\r\n                                  <a href=\"https:\/\/tossconstructon.com\/tr\/mastering-change-management-kye-lessons-for-businesses\/\">\r\n                    <img loading=\"lazy\" decoding=\"async\" width=\"870\" height=\"498\" src=\"https:\/\/tossconstructon.com\/wp-content\/uploads\/2025\/04\/tj-blog-1.webp\" class=\"attachment-full size-full wp-post-image\" alt=\"\" srcset=\"https:\/\/tossconstructon.com\/wp-content\/uploads\/2025\/04\/tj-blog-1.webp 870w, https:\/\/tossconstructon.com\/wp-content\/uploads\/2025\/04\/tj-blog-1-600x343.webp 600w, https:\/\/tossconstructon.com\/wp-content\/uploads\/2025\/04\/tj-blog-1-300x172.webp 300w, https:\/\/tossconstructon.com\/wp-content\/uploads\/2025\/04\/tj-blog-1-768x440.webp 768w\" sizes=\"(max-width: 870px) 100vw, 870px\" \/>                  <\/a>\r\n                                                  <div class=\"blog-date\">\r\n                    <span class=\"date\">16<\/span>\r\n                    <span class=\"month\">Nis<\/span>\r\n                  <\/div>\r\n                              <\/div>\r\n              <div class=\"blog-content\">\r\n                <div class=\"blog-two-meta blog-el-meta\">\r\n                  <ul>\r\n                                          <li>\r\n                        <a class=\"meta-link\" href=\"https:\/\/tossconstructon.com\/tr\/category\/business\/\">\r\n                          Business                        <\/a>\r\n                      <\/li>\r\n                                                              <li>Yorum yap\u0131lmam\u0131\u015f<\/li>\r\n                                      <\/ul>\r\n                <\/div>\r\n                <h4 class=\"title blog-el-title under-line\">\r\n                  <a href=\"https:\/\/tossconstructon.com\/tr\/mastering-change-management-kye-lessons-for-businesses\/\">\r\n                    Mastering change management kye lessons for businesses                  <\/a>\r\n                <\/h4>\r\n                                  <div class=\"desc\">Our mission is to empowers businesses size to thrive in an businesses ever changing marketplace. We are committed...<\/div>\r\n                \r\n                                  <div class=\"blog-button\">\r\n                    <a class=\"blog-btn text-btn\" href=\"https:\/\/tossconstructon.com\/tr\/mastering-change-management-kye-lessons-for-businesses\/\">\r\n                      Read more                      <i aria-hidden=\"true\" class=\"tji-arrow-right\"><\/i>                    <\/a>\r\n                  <\/div>\r\n                              <\/div>\r\n            <\/div>\r\n          <\/div>\r\n                  <div class=\"col-xl-4 col-lg-4 col-md-6 col-12\">\r\n            <div class=\"blog-style-2 blog-el-item wow fadeInUp\" data-wow-delay=\"0.1s\">\r\n              <div class=\"blog-images\">\r\n                                  <a href=\"https:\/\/tossconstructon.com\/tr\/harness-digital-transformation-a-roadmap-for-businesses\/\">\r\n                    <img loading=\"lazy\" decoding=\"async\" width=\"870\" height=\"498\" src=\"https:\/\/tossconstructon.com\/wp-content\/uploads\/2025\/04\/tj-blog-5.webp\" class=\"attachment-full size-full wp-post-image\" alt=\"\" srcset=\"https:\/\/tossconstructon.com\/wp-content\/uploads\/2025\/04\/tj-blog-5.webp 870w, https:\/\/tossconstructon.com\/wp-content\/uploads\/2025\/04\/tj-blog-5-600x343.webp 600w, https:\/\/tossconstructon.com\/wp-content\/uploads\/2025\/04\/tj-blog-5-300x172.webp 300w, https:\/\/tossconstructon.com\/wp-content\/uploads\/2025\/04\/tj-blog-5-768x440.webp 768w\" sizes=\"(max-width: 870px) 100vw, 870px\" \/>                  <\/a>\r\n                                                  <div class=\"blog-date\">\r\n                    <span class=\"date\">16<\/span>\r\n                    <span class=\"month\">Nis<\/span>\r\n                  <\/div>\r\n                              <\/div>\r\n              <div class=\"blog-content\">\r\n                <div class=\"blog-two-meta blog-el-meta\">\r\n                  <ul>\r\n                                          <li>\r\n                        <a class=\"meta-link\" href=\"https:\/\/tossconstructon.com\/tr\/category\/branding\/\">\r\n                          Branding                        <\/a>\r\n                      <\/li>\r\n                                                              <li>Yorum yap\u0131lmam\u0131\u015f<\/li>\r\n                                      <\/ul>\r\n                <\/div>\r\n                <h4 class=\"title blog-el-title under-line\">\r\n                  <a href=\"https:\/\/tossconstructon.com\/tr\/harness-digital-transformation-a-roadmap-for-businesses\/\">\r\n                    Harness digital transformation a roadmap for businesses                  <\/a>\r\n                <\/h4>\r\n                                  <div class=\"desc\">Our mission is to empowers businesses size to thrive in an businesses ever changing marketplace. We are committed...<\/div>\r\n                \r\n                                  <div class=\"blog-button\">\r\n                    <a class=\"blog-btn text-btn\" href=\"https:\/\/tossconstructon.com\/tr\/harness-digital-transformation-a-roadmap-for-businesses\/\">\r\n                      Read more                      <i aria-hidden=\"true\" class=\"tji-arrow-right\"><\/i>                    <\/a>\r\n                  <\/div>\r\n                              <\/div>\r\n            <\/div>\r\n          <\/div>\r\n                  <div class=\"col-xl-4 col-lg-4 col-md-6 col-12\">\r\n            <div class=\"blog-style-2 blog-el-item wow fadeInUp\" data-wow-delay=\"0.1s\">\r\n              <div class=\"blog-images\">\r\n                                  <a href=\"https:\/\/tossconstructon.com\/tr\/measuring-success-key-metrics-every-business-track\/\">\r\n                    <img loading=\"lazy\" decoding=\"async\" width=\"870\" height=\"498\" src=\"https:\/\/tossconstructon.com\/wp-content\/uploads\/2025\/04\/tj-blog-4.webp\" class=\"attachment-full size-full wp-post-image\" alt=\"\" srcset=\"https:\/\/tossconstructon.com\/wp-content\/uploads\/2025\/04\/tj-blog-4.webp 870w, https:\/\/tossconstructon.com\/wp-content\/uploads\/2025\/04\/tj-blog-4-600x343.webp 600w, https:\/\/tossconstructon.com\/wp-content\/uploads\/2025\/04\/tj-blog-4-300x172.webp 300w, https:\/\/tossconstructon.com\/wp-content\/uploads\/2025\/04\/tj-blog-4-768x440.webp 768w\" sizes=\"(max-width: 870px) 100vw, 870px\" \/>                  <\/a>\r\n                                                  <div class=\"blog-date\">\r\n                    <span class=\"date\">16<\/span>\r\n                    <span class=\"month\">Nis<\/span>\r\n                  <\/div>\r\n                              <\/div>\r\n              <div class=\"blog-content\">\r\n                <div class=\"blog-two-meta blog-el-meta\">\r\n                  <ul>\r\n                                          <li>\r\n                        <a class=\"meta-link\" href=\"https:\/\/tossconstructon.com\/tr\/category\/business\/\">\r\n                          Business                        <\/a>\r\n                      <\/li>\r\n                                                              <li>Yorum yap\u0131lmam\u0131\u015f<\/li>\r\n                                      <\/ul>\r\n                <\/div>\r\n                <h4 class=\"title blog-el-title under-line\">\r\n                  <a href=\"https:\/\/tossconstructon.com\/tr\/measuring-success-key-metrics-every-business-track\/\">\r\n                    Measuring success key metrics every business track                  <\/a>\r\n                <\/h4>\r\n                                  <div class=\"desc\">Our mission is to empowers businesses size to thrive in an businesses ever changing marketplace. We are committed...<\/div>\r\n                \r\n                                  <div class=\"blog-button\">\r\n                    <a class=\"blog-btn text-btn\" href=\"https:\/\/tossconstructon.com\/tr\/measuring-success-key-metrics-every-business-track\/\">\r\n                      Read more                      <i aria-hidden=\"true\" class=\"tji-arrow-right\"><\/i>                    <\/a>\r\n                  <\/div>\r\n                              <\/div>\r\n            <\/div>\r\n          <\/div>\r\n              <\/div>\r\n              <!-- post pagination -->\r\n      <div class=\"tj-pagination d-flex align-items-center justify-content-center\">\r\n        <ul class=\"page-pagination\">\n\t<li><span aria-current=\"page\" class=\"page-numbers current\">1<\/span><\/li>\n\t<li><a class=\"page-numbers\" href=\"https:\/\/tossconstructon.com\/tr\/wp-json\/wp\/v2\/pages\/396\/page\/2\/\">2<\/a><\/li>\n\t<li><a class=\"next page-numbers\" href=\"https:\/\/tossconstructon.com\/tr\/wp-json\/wp\/v2\/pages\/396\/page\/2\/\"><i class=\"tji-arrow-right\"><\/i><\/a><\/li>\n<\/ul>\n      <\/div>\r\n      <\/div>\r\n  <\/div>\r\n\t\t\t\t<\/div>\n\t\t\t\t<\/div>\n\t\t\t\t\t<\/div>\n\t\t\t\t<\/div>\n\t\t\t\t<\/div>","protected":false},"excerpt":{"rendered":"<p>blog &#038; news Blog 16 Apr Branding No Comments Innovative solutions for business success dynamic from today Our mission is to empowers businesses size to thrive in an businesses ever changing marketplace. We are committed\u2026 Read more 16 Apr Branding No Comments What consultants should know about working with nonprofits Our mission is to empowers [&hellip;]<\/p>\n","protected":false},"author":1,"featured_media":0,"parent":0,"menu_order":0,"comment_status":"closed","ping_status":"closed","template":"elementor_header_footer","meta":{"footnotes":""},"class_list":["post-396","page","type-page","status-publish","hentry"],"_links":{"self":[{"href":"https:\/\/tossconstructon.com\/tr\/wp-json\/wp\/v2\/pages\/396","targetHints":{"allow":["GET"]}}],"collection":[{"href":"https:\/\/tossconstructon.com\/tr\/wp-json\/wp\/v2\/pages"}],"about":[{"href":"https:\/\/tossconstructon.com\/tr\/wp-json\/wp\/v2\/types\/page"}],"author":[{"embeddable":true,"href":"https:\/\/tossconstructon.com\/tr\/wp-json\/wp\/v2\/users\/1"}],"replies":[{"embeddable":true,"href":"https:\/\/tossconstructon.com\/tr\/wp-json\/wp\/v2\/comments?post=396"}],"version-history":[{"count":9,"href":"https:\/\/tossconstructon.com\/tr\/wp-json\/wp\/v2\/pages\/396\/revisions"}],"predecessor-version":[{"id":6189,"href":"https:\/\/tossconstructon.com\/tr\/wp-json\/wp\/v2\/pages\/396\/revisions\/6189"}],"wp:attachment":[{"href":"https:\/\/tossconstructon.com\/tr\/wp-json\/wp\/v2\/media?parent=396"}],"curies":[{"name":"wp","href":"https:\/\/api.w.org\/{rel}","templated":true}]}}